{"id":226329,"date":"2025-05-22T16:26:02","date_gmt":"2025-05-22T14:26:02","guid":{"rendered":"https:\/\/tetameble.pl\/domowe\/?page_id=226329"},"modified":"2025-05-28T11:08:31","modified_gmt":"2025-05-28T09:08:31","slug":"meble-na-wymiar","status":"publish","type":"page","link":"https:\/\/tetameble.pl\/domowe\/meble-na-wymiar\/","title":{"rendered":"Meble na wymiar"},"content":{"rendered":"<p>[et_pb_section fb_built=&#8221;1&#8243; custom_padding_last_edited=&#8221;on|phone&#8221; _builder_version=&#8221;4.27.4&#8243; _module_preset=&#8221;default&#8221; background_image=&#8221;https:\/\/tetameble.pl\/domowe\/wp-content\/uploads\/2022\/11\/img-6.png&#8221; background_size=&#8221;initial&#8221; background_position=&#8221;top_center&#8221; min_height_tablet=&#8221;702.2px&#8221; min_height_phone=&#8221;&#8221; min_height_last_edited=&#8221;on|phone&#8221; custom_margin=&#8221;0px||0px||false|false&#8221; custom_margin_tablet=&#8221;-87px||||false|false&#8221; custom_margin_phone=&#8221;0px||0px||false|false&#8221; custom_margin_last_edited=&#8221;on|phone&#8221; custom_padding=&#8221;0px||0px||false|false&#8221; custom_padding_tablet=&#8221;167px||80px||false|false&#8221; custom_padding_phone=&#8221;20px||40px||false|false&#8221; top_divider_color=&#8221;#1c1c1c&#8221; top_divider_height=&#8221;90%&#8221; top_divider_repeat=&#8221;1x&#8221; top_divider_flip=&#8221;vertical&#8221; top_divider_height_last_edited=&#8221;off|desktop&#8221; bottom_divider_color=&#8221;#FFFFFF&#8221; bottom_divider_height=&#8221;203px&#8221; bottom_divider_repeat=&#8221;1x&#8221; bottom_divider_flip=&#8221;vertical&#8221; background_color_tablet=&#8221;#1c1c1c&#8221; background_last_edited=&#8221;on|phone&#8221; background_enable_color_tablet=&#8221;on&#8221; background_image_tablet=&#8221;https:\/\/tetameble.pl\/domowe\/wp-content\/uploads\/2025\/04\/modern-wood-shelving-system-minimalist-interior.jpg&#8221; background_image_phone=&#8221;https:\/\/tetameble.pl\/domowe\/wp-content\/uploads\/2025\/04\/modern-wood-shelving-system-minimalist-interior.jpg&#8221; background_enable_image_tablet=&#8221;on&#8221; background_enable_image_phone=&#8221;on&#8221; background_position_phone=&#8221;center&#8221; global_module=&#8221;226274&#8243; saved_tabs=&#8221;all&#8221; global_colors_info=&#8221;{}&#8221; custom_css_before_last_edited=&#8221;on|tablet&#8221; custom_css_before_tablet=&#8221;content:&#8221;;||top:0;||right:0;||left:0;||bottom:0;||position:absolute;||background: linear-gradient(90deg, #1C1C1C 15.03%, rgba(28, 28, 28, 0) 95.35%);&#8221; custom_css_before_phone=&#8221;content:&#8221;;||top:0;||right:0;||left:0;||bottom:0;||position:absolute;||background: linear-gradient(90deg, #1C1C1C 15.03%, rgba(28, 28, 28, 0) 95.35%);&#8221; theme_builder_area=&#8221;post_content&#8221;][et_pb_row custom_padding_last_edited=&#8221;on|tablet&#8221; _builder_version=&#8221;4.27.4&#8243; _module_preset=&#8221;default&#8221; background_image=&#8221;https:\/\/tetameble.pl\/domowe\/wp-content\/uploads\/2025\/05\/nawymiar-1.jpg&#8221; width=&#8221;90%&#8221; max_width=&#8221;90%&#8221; max_width_tablet=&#8221;1300px&#8221; max_width_phone=&#8221;1300px&#8221; max_width_last_edited=&#8221;on|tablet&#8221; custom_margin=&#8221;||||false|false&#8221; custom_padding=&#8221;50px|100px|50px|100px|true|true&#8221; custom_padding_tablet=&#8221;0px|0px|0px|0px|true|true&#8221; custom_padding_phone=&#8221;0px|0px|0px|0px|true|true&#8221; background_last_edited=&#8221;on|tablet&#8221; background_enable_image_tablet=&#8221;off&#8221; custom_css_before=&#8221;content:&#8221;;||top:0;||right:0;||left:0;||bottom:0;||position:absolute;||background: linear-gradient(90deg, #1C1C1C 15.03%, rgba(28, 28, 28, 0) 95.35%);&#8221; box_shadow_style=&#8221;preset2&#8243; box_shadow_color=&#8221;rgba(0,0,0,0.55)&#8221; box_shadow_color_tablet=&#8221;rgba(0,0,0,0.55)&#8221; box_shadow_color_phone=&#8221;RGBA(255,255,255,0)&#8221; box_shadow_color_last_edited=&#8221;on|phone&#8221; global_colors_info=&#8221;{}&#8221; custom_css_before_last_edited=&#8221;on|tablet&#8221; custom_css_before_tablet=&#8221;content:none;&#8221; custom_css_before_phone=&#8221;content:none;&#8221; theme_builder_area=&#8221;post_content&#8221;][et_pb_column type=&#8221;4_4&#8243; _builder_version=&#8221;4.19.1&#8243; _module_preset=&#8221;default&#8221; global_colors_info=&#8221;{}&#8221; theme_builder_area=&#8221;post_content&#8221;][et_pb_text content_tablet=&#8221;<\/p>\n<h1>Projektujemy i wykonujemy na wymiar<span style=%22color: var(--color1);%22><br \/>funkcjonalne meble sklepowe, biurowe<br \/>i ekspozycyjne<\/span> dla ka\u017cdego formatu<br \/>i bran\u017cy w ca\u0142ej Polsce.<\/h1>\n<p>&#8221; content_phone=&#8221;<\/p>\n<h1><span style=%22color: #ffffff;%22>Funkcjonalne meble sklepowe, biurowe i ekspozycyjne dla ka\u017cdego formatu i bran\u017cy w ca\u0142ej Polsce.<\/span><\/h1>\n<p>&#8221; content_last_edited=&#8221;on|phone&#8221; _builder_version=&#8221;4.27.4&#8243; _module_preset=&#8221;default&#8221; header_font=&#8221;|700|||||||&#8221; header_text_color=&#8221;#FFFFFF&#8221; header_font_size=&#8221;45px&#8221; header_line_height=&#8221;60px&#8221; custom_margin=&#8221;||5px||false|false&#8221; custom_margin_phone=&#8221;||7px||false|false&#8221; custom_margin_last_edited=&#8221;off|phone&#8221; custom_padding=&#8221;||0px|||&#8221; header_text_align_tablet=&#8221;&#8221; header_text_align_phone=&#8221;left&#8221; header_text_align_last_edited=&#8221;on|phone&#8221; header_font_size_tablet=&#8221;55px&#8221; header_font_size_phone=&#8221;23px&#8221; header_font_size_last_edited=&#8221;on|phone&#8221; header_line_height_tablet=&#8221;65px&#8221; header_line_height_phone=&#8221;38px&#8221; header_line_height_last_edited=&#8221;on|phone&#8221; global_colors_info=&#8221;{}&#8221; theme_builder_area=&#8221;post_content&#8221;]<\/p>\n<h1>Projektujemy i\u00a0wykonujemy na\u00a0wymiar<span style=\"color: var(--color1);\"><br \/>funkcjonalne meble sklepowe, biurowe<br \/>i\u00a0ekspozycyjne<\/span> dla ka\u017cdego formatu<br \/>i\u00a0bran\u017cy w\u00a0ca\u0142ej Polsce.<\/h1>\n<p>[\/et_pb_text][et_pb_button button_url=&#8221;tel:507665316&#8243; button_text=&#8221;ZADZWO\u0143 &#8211; 507 665 316&#8243; disabled_on=&#8221;off|off|off&#8221; _builder_version=&#8221;4.27.4&#8243; _dynamic_attributes=&#8221;button_url&#8221; _module_preset=&#8221;default&#8221; custom_button=&#8221;on&#8221; button_text_size=&#8221;16px&#8221; button_text_color=&#8221;#FFFFFF&#8221; button_border_width=&#8221;1px&#8221; button_border_color=&#8221;#FFFFFF&#8221; button_border_radius=&#8221;8px&#8221; button_font=&#8221;Rajdhani||||||||&#8221; button_on_hover=&#8221;off&#8221; custom_margin=&#8221;||0px||false|false&#8221; custom_padding=&#8221;13px|23px|13px|23px|true|true&#8221; custom_padding_tablet=&#8221;&#8221; custom_padding_phone=&#8221;7px|15px|7px|15px|true|true&#8221; custom_padding_last_edited=&#8221;on|phone&#8221; hover_enabled=&#8221;0&#8243; custom_css_before=&#8221;content:&#8221;;||top:0;||height:100%;||width:5px;||position:absolute;||left:0;||background-color:var(&#8211;color1);||visibility:visible!important;||opacity:1!important;||display:block!important;||    margin: 0;||    z-index: -1;||    border-radius: 7px 0 0 7px;||transition:all .5s ease;&#8221; custom_css_main_element=&#8221;position:relative;||text-transform:capitalize;&#8221; custom_css_after=&#8221;content:none;&#8221; locked=&#8221;off&#8221; global_colors_info=&#8221;{}&#8221; custom_css_before__hover_enabled=&#8221;on|desktop&#8221; custom_css_before__hover=&#8221;width:100%;||border-radius:7px;&#8221; theme_builder_area=&#8221;post_content&#8221; sticky_enabled=&#8221;0&#8243;][\/et_pb_button][\/et_pb_column][\/et_pb_row][\/et_pb_section][et_pb_section fb_built=&#8221;1&#8243; custom_padding_last_edited=&#8221;on|phone&#8221; _builder_version=&#8221;4.27.4&#8243; _module_preset=&#8221;default&#8221; custom_padding=&#8221;45px||45px||true|false&#8221; custom_padding_tablet=&#8221;80px||80px||true|false&#8221; custom_padding_phone=&#8221;30px||30px||true|false&#8221; box_shadow_style=&#8221;preset6&#8243; global_colors_info=&#8221;{}&#8221; theme_builder_area=&#8221;post_content&#8221;][et_pb_row _builder_version=&#8221;4.27.4&#8243; _module_preset=&#8221;default&#8221; width=&#8221;90%&#8221; custom_padding=&#8221;0px||0px||true|false&#8221; custom_css_main_element=&#8221;display:flex;||align-items:center;&#8221; global_colors_info=&#8221;{}&#8221; custom_css_main_element_last_edited=&#8221;on|tablet&#8221; custom_css_main_element_tablet=&#8221;display:block;&#8221; custom_css_main_element_phone=&#8221;display:block;&#8221; theme_builder_area=&#8221;post_content&#8221;][et_pb_column type=&#8221;4_4&#8243; _builder_version=&#8221;4.19.1&#8243; _module_preset=&#8221;default&#8221; global_colors_info=&#8221;{}&#8221; theme_builder_area=&#8221;post_content&#8221;][et_pb_text _builder_version=&#8221;4.27.4&#8243; _module_preset=&#8221;default&#8221; theme_builder_area=&#8221;post_content&#8221; hover_enabled=&#8221;0&#8243; sticky_enabled=&#8221;0&#8243;]<\/p>\n<h2 data-start=\"370\" data-end=\"428\" style=\"text-align: justify;\"><strong data-start=\"373\" data-end=\"428\">Meble na wymiar \u2013 komfort, funkcjonalno\u015b\u0107, estetyka<\/strong><\/h2>\n<p data-start=\"430\" data-end=\"668\" style=\"text-align: justify;\">Tworzymy meble na wymiar, kt\u00f3re \u0142\u0105cz\u0105 trwa\u0142o\u015b\u0107 z estetyk\u0105 i dopasowaniem do ka\u017cdego wn\u0119trza. Wierzymy, \u017ce meble nie tylko powinny dobrze wygl\u0105da\u0107, ale te\u017c odpowiada\u0107 na potrzeby domownik\u00f3w \u2013 dlatego ka\u017cdy projekt traktujemy indywidualnie.<\/p>\n<p data-start=\"670\" data-end=\"924\" style=\"text-align: justify;\">Nasze realizacje obejmuj\u0105 kuchnie, garderoby, szafy wn\u0119kowe, meble \u0142azienkowe, RTV oraz zabudowy do sypialni i przedpokoju. Pracujemy zar\u00f3wno na podstawie <strong data-start=\"825\" data-end=\"862\">pomiar\u00f3w i konsultacji z klientem<\/strong>, jak i <strong data-start=\"870\" data-end=\"923\">projekt\u00f3w przygotowanych przez architekt\u00f3w wn\u0119trz<\/strong>.<\/p>\n<p data-start=\"670\" data-end=\"924\" style=\"text-align: justify;\">\n<h3 data-start=\"931\" data-end=\"962\" style=\"text-align: justify;\"><strong data-start=\"938\" data-end=\"962\">Doradzamy na miejscu<\/strong><\/h3>\n<p data-start=\"964\" data-end=\"1260\" style=\"text-align: justify;\">Podczas bezp\u0142atnego pomiaru s\u0142u\u017cymy wsparciem \u2013 podpowiadamy funkcjonalne rozwi\u0105zania, pomagamy dobra\u0107 rozk\u0142ad szafek, systemy otwierania, rozmieszczenie sprz\u0119t\u00f3w i o\u015bwietlenia. Dzi\u0119ki do\u015bwiadczeniu wiemy, co sprawdza si\u0119 w codziennym u\u017cytkowaniu i jak unikn\u0105\u0107 b\u0142\u0119d\u00f3w w projektowaniu przestrzeni.<\/p>\n<p data-start=\"964\" data-end=\"1260\" style=\"text-align: justify;\">\n<h3 data-start=\"1267\" data-end=\"1324\" style=\"text-align: justify;\"><strong data-start=\"1274\" data-end=\"1324\">Kolorystyka i wyko\u0144czenia dopasowane do Ciebie<\/strong><\/h3>\n<p data-start=\"1326\" data-end=\"1633\" style=\"text-align: justify;\">Oferujemy ogromny wyb\u00f3r kolor\u00f3w, faktur i materia\u0142\u00f3w \u2013 od klasycznej bieli i drewna, po nowoczesne maty, po\u0142yski i dekory imituj\u0105ce kamie\u0144 czy beton. Dobieramy fronty, blaty, uchwyty i systemy zgodnie z Twoim gustem oraz stylem wn\u0119trza \u2013 niezale\u017cnie czy to styl skandynawski, loftowy, glamour czy klasyczny.<\/p>\n<p data-start=\"1326\" data-end=\"1633\" style=\"text-align: justify;\">\n<h3 data-start=\"1640\" data-end=\"1686\" style=\"text-align: justify;\"><strong data-start=\"1648\" data-end=\"1686\">W\u0142asna produkcja, najwy\u017csza jako\u015b\u0107<\/strong><\/h3>\n<p data-start=\"1688\" data-end=\"1978\" style=\"text-align: justify;\">Wszystkie meble wykonujemy w naszej stolarni z wykorzystaniem nowoczesnych maszyn i sprawdzonych materia\u0142\u00f3w. Dzi\u0119ki temu mamy pe\u0142n\u0105 kontrol\u0119 nad jako\u015bci\u0105 na ka\u017cdym etapie produkcji \u2013 od ci\u0119cia po monta\u017c. Stawiamy na <strong data-start=\"1904\" data-end=\"1948\">trwa\u0142o\u015b\u0107, precyzj\u0119 i solidne wyko\u0144czenie<\/strong>, by meble s\u0142u\u017cy\u0142y przez lata.<\/p>\n<p data-start=\"1688\" data-end=\"1978\" style=\"text-align: justify;\">\n<h3 data-start=\"1985\" data-end=\"2025\" style=\"text-align: justify;\"><strong data-start=\"1992\" data-end=\"2025\">Kompleksowa obs\u0142uga od A do Z<\/strong><\/h3>\n<p data-start=\"2027\" data-end=\"2272\" style=\"text-align: justify;\">Zajmujemy si\u0119 wszystkim \u2013 od pomiaru i doradztwa, przez produkcj\u0119, a\u017c po transport, monta\u017c i ostatnie detale. Ty decydujesz, czego potrzebujesz \u2013 my zajmujemy si\u0119 reszt\u0105. <br \/><strong>Nie musisz zna\u0107 si\u0119 na meblach \u2013 wystarczy, \u017ce wiesz, jak chcesz mieszka\u0107.<\/strong><\/p>\n<p>[\/et_pb_text][et_pb_text _builder_version=&#8221;4.27.4&#8243; _module_preset=&#8221;default&#8221; theme_builder_area=&#8221;post_content&#8221; hover_enabled=&#8221;0&#8243; sticky_enabled=&#8221;0&#8243; custom_margin=&#8221;25px||||false|false&#8221; custom_padding=&#8221;||0px||false|false&#8221; header_3_font_size=&#8221;26px&#8221; link_option_url=&#8221;tel:507 665 316&#8243;]<\/p>\n<h3 style=\"text-align: center;\"><strong>Zadzwo\u0144 \u2013 507 665 316 i um\u00f3w si\u0119 na bezp\u0142atny pomiar<\/strong><\/h3>\n<p>[\/et_pb_text][\/et_pb_column][\/et_pb_row][\/et_pb_section]<\/p>\n","protected":false},"excerpt":{"rendered":"<p>Projektujemy i\u00a0wykonujemy na\u00a0wymiarfunkcjonalne meble sklepowe, biurowei\u00a0ekspozycyjne dla ka\u017cdego formatui\u00a0bran\u017cy w\u00a0ca\u0142ej Polsce.Meble na wymiar \u2013 komfort, funkcjonalno\u015b\u0107, estetyka Tworzymy meble na wymiar, kt\u00f3re \u0142\u0105cz\u0105 trwa\u0142o\u015b\u0107 z estetyk\u0105 i dopasowaniem do ka\u017cdego wn\u0119trza. Wierzymy, \u017ce meble nie tylko powinny dobrze wygl\u0105da\u0107, ale te\u017c odpowiada\u0107 na potrzeby domownik\u00f3w \u2013 dlatego ka\u017cdy projekt traktujemy indywidualnie. Nasze realizacje obejmuj\u0105 kuchnie, [&hellip;]<\/p>\n","protected":false},"author":1,"featured_media":0,"parent":0,"menu_order":0,"comment_status":"closed","ping_status":"closed","template":"","meta":{"_et_pb_use_builder":"on","_et_pb_old_content":"<!-- wp:divi\/placeholder \/-->","_et_gb_content_width":"","footnotes":""},"class_list":["post-226329","page","type-page","status-publish","hentry"],"_links":{"self":[{"href":"https:\/\/tetameble.pl\/domowe\/wp-json\/wp\/v2\/pages\/226329","targetHints":{"allow":["GET"]}}],"collection":[{"href":"https:\/\/tetameble.pl\/domowe\/wp-json\/wp\/v2\/pages"}],"about":[{"href":"https:\/\/tetameble.pl\/domowe\/wp-json\/wp\/v2\/types\/page"}],"author":[{"embeddable":true,"href":"https:\/\/tetameble.pl\/domowe\/wp-json\/wp\/v2\/users\/1"}],"replies":[{"embeddable":true,"href":"https:\/\/tetameble.pl\/domowe\/wp-json\/wp\/v2\/comments?post=226329"}],"version-history":[{"count":4,"href":"https:\/\/tetameble.pl\/domowe\/wp-json\/wp\/v2\/pages\/226329\/revisions"}],"predecessor-version":[{"id":226384,"href":"https:\/\/tetameble.pl\/domowe\/wp-json\/wp\/v2\/pages\/226329\/revisions\/226384"}],"wp:attachment":[{"href":"https:\/\/tetameble.pl\/domowe\/wp-json\/wp\/v2\/media?parent=226329"}],"curies":[{"name":"wp","href":"https:\/\/api.w.org\/{rel}","templated":true}]}}