{"id":226251,"date":"2025-04-24T09:51:25","date_gmt":"2025-04-24T07:51:25","guid":{"rendered":"https:\/\/tetameble.pl\/sklepowe\/?page_id=226251"},"modified":"2025-05-27T10:14:50","modified_gmt":"2025-05-27T08:14:50","slug":"najczestsze-pytania","status":"publish","type":"page","link":"https:\/\/tetameble.pl\/sklepowe\/najczestsze-pytania\/","title":{"rendered":"Najcz\u0119stsze pytania"},"content":{"rendered":"<p>[et_pb_section fb_built=&#8221;1&#8243; custom_padding_last_edited=&#8221;on|phone&#8221; _builder_version=&#8221;4.27.4&#8243; _module_preset=&#8221;default&#8221; background_image=&#8221;https:\/\/tetameble.pl\/sklepowe\/wp-content\/uploads\/2022\/11\/img-6.png&#8221; background_size=&#8221;initial&#8221; background_position=&#8221;top_center&#8221; min_height_tablet=&#8221;702.2px&#8221; min_height_phone=&#8221;&#8221; min_height_last_edited=&#8221;on|phone&#8221; custom_margin=&#8221;0px||0px||false|false&#8221; custom_margin_tablet=&#8221;-87px||||false|false&#8221; custom_margin_phone=&#8221;0px||0px||false|false&#8221; custom_margin_last_edited=&#8221;on|phone&#8221; custom_padding=&#8221;0px||0px||false|false&#8221; custom_padding_tablet=&#8221;167px||80px||false|false&#8221; custom_padding_phone=&#8221;20px||40px||false|false&#8221; top_divider_color=&#8221;#1c1c1c&#8221; top_divider_height=&#8221;90%&#8221; top_divider_repeat=&#8221;1x&#8221; top_divider_flip=&#8221;vertical&#8221; top_divider_height_last_edited=&#8221;off|desktop&#8221; bottom_divider_color=&#8221;#FFFFFF&#8221; bottom_divider_height=&#8221;203px&#8221; bottom_divider_repeat=&#8221;1x&#8221; bottom_divider_flip=&#8221;vertical&#8221; background_color_tablet=&#8221;#1c1c1c&#8221; background_last_edited=&#8221;on|phone&#8221; background_enable_color_tablet=&#8221;on&#8221; background_image_tablet=&#8221;https:\/\/tetameble.pl\/sklepowe\/wp-content\/uploads\/2025\/04\/modern-wood-shelving-system-minimalist-interior.jpg&#8221; background_image_phone=&#8221;https:\/\/tetameble.pl\/sklepowe\/wp-content\/uploads\/2025\/04\/modern-wood-shelving-system-minimalist-interior.jpg&#8221; background_enable_image_tablet=&#8221;on&#8221; background_enable_image_phone=&#8221;on&#8221; background_position_phone=&#8221;center&#8221; global_module=&#8221;226274&#8243; saved_tabs=&#8221;all&#8221; global_colors_info=&#8221;{}&#8221; custom_css_before_last_edited=&#8221;on|tablet&#8221; custom_css_before_tablet=&#8221;content:&#8221;;||top:0;||right:0;||left:0;||bottom:0;||position:absolute;||background: linear-gradient(90deg, #1C1C1C 15.03%, rgba(28, 28, 28, 0) 95.35%);&#8221; custom_css_before_phone=&#8221;content:&#8221;;||top:0;||right:0;||left:0;||bottom:0;||position:absolute;||background: linear-gradient(90deg, #1C1C1C 15.03%, rgba(28, 28, 28, 0) 95.35%);&#8221;][et_pb_row custom_padding_last_edited=&#8221;on|tablet&#8221; _builder_version=&#8221;4.27.4&#8243; _module_preset=&#8221;default&#8221; background_image=&#8221;https:\/\/tetameble.pl\/sklepowe\/wp-content\/uploads\/2025\/05\/skl-scaled.jpg&#8221; width=&#8221;90%&#8221; max_width=&#8221;90%&#8221; max_width_tablet=&#8221;1300px&#8221; max_width_phone=&#8221;1300px&#8221; max_width_last_edited=&#8221;on|tablet&#8221; custom_margin=&#8221;||||false|false&#8221; custom_padding=&#8221;50px|100px|50px|100px|true|true&#8221; custom_padding_tablet=&#8221;0px|0px|0px|0px|true|true&#8221; custom_padding_phone=&#8221;0px|0px|0px|0px|true|true&#8221; background_last_edited=&#8221;on|tablet&#8221; background_enable_image_tablet=&#8221;off&#8221; custom_css_before=&#8221;content:&#8221;;||top:0;||right:0;||left:0;||bottom:0;||position:absolute;||background: linear-gradient(90deg, #1C1C1C 15.03%, rgba(28, 28, 28, 0) 95.35%);&#8221; box_shadow_style=&#8221;preset2&#8243; box_shadow_color=&#8221;rgba(0,0,0,0.55)&#8221; box_shadow_color_tablet=&#8221;rgba(0,0,0,0.55)&#8221; box_shadow_color_phone=&#8221;RGBA(255,255,255,0)&#8221; box_shadow_color_last_edited=&#8221;on|phone&#8221; global_colors_info=&#8221;{}&#8221; custom_css_before_last_edited=&#8221;on|tablet&#8221; custom_css_before_tablet=&#8221;content:none;&#8221; custom_css_before_phone=&#8221;content:none;&#8221;][et_pb_column type=&#8221;4_4&#8243; _builder_version=&#8221;4.19.1&#8243; _module_preset=&#8221;default&#8221; global_colors_info=&#8221;{}&#8221;][et_pb_text content_tablet=&#8221;<\/p>\n<h1>Projektujemy i wykonujemy na wymiar<span style=%22color: var(--color1);%22><br \/>funkcjonalne meble sklepowe, biurowe<br \/>i ekspozycyjne<\/span> dla ka\u017cdego formatu<br \/>i bran\u017cy w ca\u0142ej Polsce.<\/h1>\n<p>&#8221; content_phone=&#8221;<\/p>\n<h1><span style=%22color: #ffffff;%22>Funkcjonalne meble sklepowe, biurowe i ekspozycyjne dla ka\u017cdego formatu i bran\u017cy w ca\u0142ej Polsce.<\/span><\/h1>\n<p>&#8221; content_last_edited=&#8221;on|phone&#8221; _builder_version=&#8221;4.27.4&#8243; _module_preset=&#8221;default&#8221; header_font=&#8221;|700|||||||&#8221; header_text_color=&#8221;#FFFFFF&#8221; header_font_size=&#8221;45px&#8221; header_line_height=&#8221;60px&#8221; custom_margin=&#8221;||5px||false|false&#8221; custom_margin_phone=&#8221;||7px||false|false&#8221; custom_margin_last_edited=&#8221;off|phone&#8221; custom_padding=&#8221;||0px|||&#8221; header_text_align_tablet=&#8221;&#8221; header_text_align_phone=&#8221;left&#8221; header_text_align_last_edited=&#8221;on|phone&#8221; header_font_size_tablet=&#8221;55px&#8221; header_font_size_phone=&#8221;23px&#8221; header_font_size_last_edited=&#8221;on|phone&#8221; header_line_height_tablet=&#8221;65px&#8221; header_line_height_phone=&#8221;38px&#8221; header_line_height_last_edited=&#8221;on|phone&#8221; global_colors_info=&#8221;{}&#8221;]<\/p>\n<h1>Projektujemy i\u00a0wykonujemy na\u00a0wymiar<span style=\"color: var(--color1);\"><br \/>funkcjonalne meble sklepowe, biurowe<br \/>i\u00a0ekspozycyjne<\/span> dla ka\u017cdego formatu<br \/>i\u00a0bran\u017cy w\u00a0ca\u0142ej Polsce.<\/h1>\n<p>[\/et_pb_text][et_pb_button button_url=&#8221;tel:507665316&#8243; button_text=&#8221;ZADZWO\u0143 &#8211; 507 665 316&#8243; disabled_on=&#8221;off|off|off&#8221; _builder_version=&#8221;4.27.4&#8243; _dynamic_attributes=&#8221;button_url&#8221; _module_preset=&#8221;default&#8221; custom_button=&#8221;on&#8221; button_text_size=&#8221;16px&#8221; button_text_color=&#8221;#FFFFFF&#8221; button_border_width=&#8221;1px&#8221; button_border_color=&#8221;#FFFFFF&#8221; button_border_radius=&#8221;8px&#8221; button_font=&#8221;Rajdhani||||||||&#8221; button_on_hover=&#8221;off&#8221; custom_margin=&#8221;||0px||false|false&#8221; custom_padding=&#8221;13px|23px|13px|23px|true|true&#8221; custom_padding_tablet=&#8221;&#8221; custom_padding_phone=&#8221;7px|15px|7px|15px|true|true&#8221; custom_padding_last_edited=&#8221;on|phone&#8221; custom_css_before=&#8221;content:&#8221;;||top:0;||height:100%;||width:5px;||position:absolute;||left:0;||background-color:var(&#8211;color1);||visibility:visible!important;||opacity:1!important;||display:block!important;||    margin: 0;||    z-index: -1;||    border-radius: 7px 0 0 7px;||transition:all .5s ease;&#8221; custom_css_main_element=&#8221;position:relative;||text-transform:capitalize;&#8221; custom_css_after=&#8221;content:none;&#8221; locked=&#8221;off&#8221; global_colors_info=&#8221;{}&#8221; custom_css_before__hover_enabled=&#8221;on|desktop&#8221; custom_css_before__hover=&#8221;width:100%;||border-radius:7px;&#8221;][\/et_pb_button][\/et_pb_column][\/et_pb_row][\/et_pb_section][et_pb_section fb_built=&#8221;1&#8243; custom_padding_last_edited=&#8221;on|phone&#8221; admin_label=&#8221;Section&#8221; module_id=&#8221;igni_service&#8221; _builder_version=&#8221;4.27.4&#8243; _module_preset=&#8221;default&#8221; custom_padding=&#8221;45px||45px||false|false&#8221; custom_padding_tablet=&#8221;80px||80px||true|false&#8221; custom_padding_phone=&#8221;30px||30px||true|false&#8221; custom_css_main_element=&#8221;overflow:hidden;&#8221; custom_css_after=&#8221;    content: &#8221;;||    position: absolute;||   left:0;||top:0;||bottom:0;||right:0;||background-color:#e6e6e6;||opacity:0.05;&#8221; box_shadow_style=&#8221;preset6&#8243; global_colors_info=&#8221;{}&#8221;][et_pb_row _builder_version=&#8221;4.27.4&#8243; _module_preset=&#8221;default&#8221; width=&#8221;90%&#8221; custom_padding=&#8221;0px||0px||true|false&#8221; custom_css_main_element=&#8221;display:flex;||align-items:center;&#8221; global_colors_info=&#8221;{}&#8221; custom_css_main_element_last_edited=&#8221;on|tablet&#8221; custom_css_main_element_tablet=&#8221;display:block;&#8221; custom_css_main_element_phone=&#8221;display:block;&#8221;][et_pb_column type=&#8221;4_4&#8243; _builder_version=&#8221;4.19.1&#8243; _module_preset=&#8221;default&#8221; global_colors_info=&#8221;{}&#8221;][et_pb_text _builder_version=&#8221;4.27.4&#8243; _module_preset=&#8221;default&#8221; text_font=&#8221;Rajdhani|700|||||||&#8221; text_font_size=&#8221;24px&#8221; text_line_height=&#8221;31px&#8221; custom_margin=&#8221;||5px||false|false&#8221; text_font_size_tablet=&#8221;22px&#8221; text_font_size_phone=&#8221;20px&#8221; text_font_size_last_edited=&#8221;on|phone&#8221; text_line_height_tablet=&#8221;29px&#8221; text_line_height_phone=&#8221;27px&#8221; text_line_height_last_edited=&#8221;on|tablet&#8221; custom_css_main_element=&#8221;color:var(&#8211;color1);&#8221; locked=&#8221;off&#8221; global_colors_info=&#8221;{}&#8221;]<\/p>\n<p style=\"text-align: center;\">Dzialamy na&nbsp;terenie ca\u0142ej Polski<\/p>\n<p>[\/et_pb_text][et_pb_text _builder_version=&#8221;4.27.4&#8243; _module_preset=&#8221;default&#8221; header_3_font=&#8221;|700|||||||&#8221; header_3_text_color=&#8221;#000000&#8243; header_3_font_size=&#8221;40px&#8221; custom_margin=&#8221;||0px||false|false&#8221; custom_padding=&#8221;||0px||false|false&#8221; hover_enabled=&#8221;0&#8243; global_colors_info=&#8221;{}&#8221; header_3_font_size_last_edited=&#8221;on|phone&#8221; header_3_font_size_phone=&#8221;25px&#8221; header_3_line_height_last_edited=&#8221;on|phone&#8221; header_3_line_height_phone=&#8221;1.4em&#8221; sticky_enabled=&#8221;0&#8243; header_3_font_size_tablet=&#8221;40px&#8221;]<\/p>\n<h3 style=\"text-align: center;\">Poni\u017cej znajdziesz odpowiedzi<br \/>na\u00a0najcz\u0119\u015bciej zadawane pytania o\u00a0nasze us\u0142ugi.<\/h3>\n<p>[\/et_pb_text][\/et_pb_column][\/et_pb_row][et_pb_row column_structure=&#8221;1_2,1_2&#8243; _builder_version=&#8221;4.27.4&#8243; _module_preset=&#8221;default&#8221; width=&#8221;90%&#8221; custom_margin=&#8221;5px|auto||auto|false|false&#8221; custom_margin_tablet=&#8221;35px||||false|false&#8221; custom_margin_phone=&#8221;0px||||false|false&#8221; custom_margin_last_edited=&#8221;on|phone&#8221; custom_padding=&#8221;0px||0px||true|false&#8221; global_colors_info=&#8221;{}&#8221;][et_pb_column type=&#8221;1_2&#8243; _builder_version=&#8221;4.19.1&#8243; _module_preset=&#8221;default&#8221; global_colors_info=&#8221;{}&#8221; custom_css_main_element_last_edited=&#8221;on|tablet&#8221; custom_css_main_element_tablet=&#8221;margin:0!important;&#8221; custom_css_main_element_phone=&#8221;margin:0!important;&#8221;][et_pb_accordion open_toggle_text_color=&#8221;#000000&#8243; open_toggle_background_color=&#8221;RGBA(255,255,255,0)&#8221; closed_toggle_background_color=&#8221;RGBA(255,255,255,0)&#8221; toggle_icon=&#8221;&#x33;||divi||400&#8243; icon_color=&#8221;#1c1c1c&#8221; use_icon_font_size=&#8221;on&#8221; icon_font_size=&#8221;20px&#8221; module_class=&#8221;igni_faq&#8221; _builder_version=&#8221;4.27.4&#8243; _module_preset=&#8221;default&#8221; toggle_text_color=&#8221;#000000&#8243; toggle_font=&#8221;|700|||||||&#8221; toggle_font_size=&#8221;24px&#8221; toggle_line_height=&#8221;31px&#8221; body_text_color=&#8221;#777777&#8243; body_line_height=&#8221;26px&#8221; custom_css_toggle=&#8221;border:0!important;||border-bottom:1px solid rgba(28,28,28,0.1)!important;||padding:29px 0 0 40px;||margin:0!important;&#8221; custom_css_toggle_title=&#8221;margin-bottom:12px!important;||padding:0!important;&#8221; custom_css_toggle_icon=&#8221;width: 25px;||height: 25px;||line-height:25px;||background-color:var(&#8211;color2);||text-align:center;||position:absolute;||left:-40px;||top:12px;||transition: all 0.5s ease;&#8221; custom_css_toggle_content=&#8221;font-weight:400;||padding:0 0 12px;&#8221; global_colors_info=&#8221;{}&#8221;][et_pb_accordion_item title=&#8221;Ile trwa realizacja zam\u00f3wienia?&#8221; open=&#8221;on&#8221; _builder_version=&#8221;4.27.4&#8243; _module_preset=&#8221;default&#8221; global_colors_info=&#8221;{}&#8221;]Standardowo od&nbsp;pomiaru do&nbsp;monta\u017cu zajmuje 4\u20136 tygodni, w&nbsp;zale\u017cno\u015bci od&nbsp;skali i&nbsp;specyfiki projektu.[\/et_pb_accordion_item][et_pb_accordion_item title=&#8221;Czy projekt wizualizacji jest p\u0142atny?&#8221; _builder_version=&#8221;4.27.4&#8243; _module_preset=&#8221;default&#8221; global_colors_info=&#8221;{}&#8221; open=&#8221;off&#8221;]Nie&nbsp;\u2013 przygotowujemy bezp\u0142atny projekt 3D uwzgl\u0119dniaj\u0105cy wytyczne galerii i&nbsp;indywidualne potrzeby klienta.[\/et_pb_accordion_item][et_pb_accordion_item title=&#8221;Jakie materia\u0142y stosujecie w\u00a0produkcji?&#8221; _builder_version=&#8221;4.27.4&#8243; _module_preset=&#8221;default&#8221; global_colors_info=&#8221;{}&#8221; open=&#8221;off&#8221;]U\u017cywamy wy\u0142\u0105cznie certyfikowanych p\u0142yt laminowanych, MDF, drewna litego oraz&nbsp;komponent\u00f3w spe\u0142niaj\u0105cych normy przeciwpo\u017carowe.[\/et_pb_accordion_item][et_pb_accordion_item title=&#8221;Czy oferujecie monta\u017c na\u00a0terenie ca\u0142ej Polski?&#8221; _builder_version=&#8221;4.27.4&#8243; _module_preset=&#8221;default&#8221; global_colors_info=&#8221;{}&#8221; open=&#8221;off&#8221;]Tak&nbsp;\u2013 posiadamy w\u0142asny dzia\u0142 logistyczny i&nbsp;ekip\u0119 monta\u017cow\u0105 dzia\u0142aj\u0105c\u0105 w&nbsp;ca\u0142ym kraju.[\/et_pb_accordion_item][et_pb_accordion_item title=&#8221;Jakie gwarancje udzielacie na\u00a0meble?&#8221; _builder_version=&#8221;4.27.4&#8243; _module_preset=&#8221;default&#8221; global_colors_info=&#8221;{}&#8221; open=&#8221;off&#8221;]Udzielamy 2-letniej gwarancji na&nbsp;konstrukcj\u0119 i&nbsp;wykonanie, z&nbsp;mo\u017cliwo\u015bci\u0105 przed\u0142u\u017cenia po&nbsp;indywidualnych ustaleniach.[\/et_pb_accordion_item][\/et_pb_accordion][\/et_pb_column][et_pb_column type=&#8221;1_2&#8243; _builder_version=&#8221;4.19.1&#8243; _module_preset=&#8221;default&#8221; global_colors_info=&#8221;{}&#8221;][et_pb_accordion open_toggle_text_color=&#8221;#000000&#8243; open_toggle_background_color=&#8221;RGBA(255,255,255,0)&#8221; closed_toggle_background_color=&#8221;RGBA(255,255,255,0)&#8221; toggle_icon=&#8221;&#x33;||divi||400&#8243; icon_color=&#8221;#1c1c1c&#8221; use_icon_font_size=&#8221;on&#8221; icon_font_size=&#8221;20px&#8221; module_class=&#8221;igni_faq&#8221; _builder_version=&#8221;4.27.4&#8243; _module_preset=&#8221;default&#8221; toggle_text_color=&#8221;#000000&#8243; toggle_font=&#8221;|700|||||||&#8221; toggle_font_size=&#8221;24px&#8221; toggle_line_height=&#8221;31px&#8221; body_text_color=&#8221;#777777&#8243; body_line_height=&#8221;26px&#8221; custom_css_toggle=&#8221;border:0!important;||border-bottom:1px solid rgba(28,28,28,0.1)!important;||padding:29px 0 0 40px;||margin:0!important;&#8221; custom_css_toggle_title=&#8221;margin-bottom:12px!important;||padding:0!important;&#8221; custom_css_toggle_icon=&#8221;width: 25px;||height: 25px;||line-height:25px;||background-color:var(&#8211;color2);||text-align:center;||position:absolute;||left:-40px;||top:12px;&#8221; custom_css_toggle_content=&#8221;font-weight:400;||padding:0 0 12px;||transition: all 0.5s ease;&#8221; global_colors_info=&#8221;{}&#8221;][et_pb_accordion_item title=&#8221;Czy mo\u017cna dokona\u0107 zmian w\u00a0projekcie po\u00a0zatwierdzeniu wizualizacji?&#8221; open=&#8221;on&#8221; _builder_version=&#8221;4.27.4&#8243; _module_preset=&#8221;default&#8221; global_colors_info=&#8221;{}&#8221;]Tak&nbsp;\u2013 drobne korekty wprowadzamy bezp\u0142atnie do&nbsp;momentu uruchomienia produkcji.[\/et_pb_accordion_item][et_pb_accordion_item title=&#8221;Czy spe\u0142niacie wytyczne konkretnych galerii handlowych?&#8221; _builder_version=&#8221;4.27.4&#8243; _module_preset=&#8221;default&#8221; global_colors_info=&#8221;{}&#8221; open=&#8221;off&#8221;]Oczywi\u015bcie \u2013 mamy do\u015bwiadczenie i&nbsp;certyfikaty wymagane przez&nbsp;najwi\u0119ksze centra handlowe w&nbsp;Polsce.[\/et_pb_accordion_item][et_pb_accordion_item title=&#8221;Jak wyceniane s\u0105\u00a0meble na\u00a0wymiar?&#8221; _builder_version=&#8221;4.27.4&#8243; _module_preset=&#8221;default&#8221; global_colors_info=&#8221;{}&#8221; open=&#8221;off&#8221;]Cena zale\u017cy od&nbsp;rodzaju materia\u0142u, wielko\u015bci i&nbsp;stopnia skomplikowania projektu; przygotowujemy kosztorys po&nbsp;pomiarach.[\/et_pb_accordion_item][et_pb_accordion_item title=&#8221;Czy oferujecie serwis posprzeda\u017cowy?&#8221; _builder_version=&#8221;4.27.4&#8243; _module_preset=&#8221;default&#8221; global_colors_info=&#8221;{}&#8221; open=&#8221;off&#8221;]Tak&nbsp;\u2013 zapewniamy wsparcie techniczne, regulacje i&nbsp;ewentualne naprawy r\u00f3wnie\u017c po&nbsp;zako\u0144czeniu gwarancji.[\/et_pb_accordion_item][et_pb_accordion_item title=&#8221;Jak um\u00f3wi\u0107 si\u0119 na\u00a0pomiar i\u00a0konsultacj\u0119?&#8221; _builder_version=&#8221;4.27.4&#8243; _module_preset=&#8221;default&#8221; global_colors_info=&#8221;{}&#8221; open=&#8221;off&#8221;]Wystarczy zadzwoni\u0107 pod&nbsp;numer +48 123 456 789 lub wys\u0142a\u0107 wiadomo\u015b\u0107 e-mail, a&nbsp;nasz doradca skontaktuje si\u0119 w&nbsp;ci\u0105gu 24 godzin.[\/et_pb_accordion_item][\/et_pb_accordion][\/et_pb_column][\/et_pb_row][\/et_pb_section]<\/p>\n","protected":false},"excerpt":{"rendered":"<p>Projektujemy i\u00a0wykonujemy na\u00a0wymiarfunkcjonalne meble sklepowe, biurowei\u00a0ekspozycyjne dla ka\u017cdego formatui\u00a0bran\u017cy w\u00a0ca\u0142ej Polsce.Dzialamy na&nbsp;terenie ca\u0142ej PolskiPoni\u017cej znajdziesz odpowiedzina\u00a0najcz\u0119\u015bciej zadawane pytania o\u00a0nasze us\u0142ugi.Standardowo od&nbsp;pomiaru do&nbsp;monta\u017cu zajmuje 4\u20136 tygodni, w&nbsp;zale\u017cno\u015bci od&nbsp;skali i&nbsp;specyfiki projektu.Nie&nbsp;\u2013 przygotowujemy bezp\u0142atny projekt 3D uwzgl\u0119dniaj\u0105cy wytyczne galerii i&nbsp;indywidualne potrzeby klienta.U\u017cywamy wy\u0142\u0105cznie certyfikowanych p\u0142yt laminowanych, MDF, drewna litego oraz&nbsp;komponent\u00f3w spe\u0142niaj\u0105cych normy przeciwpo\u017carowe.Tak&nbsp;\u2013 posiadamy w\u0142asny dzia\u0142 logistyczny i&nbsp;ekip\u0119 [&hellip;]<\/p>\n","protected":false},"author":1,"featured_media":0,"parent":0,"menu_order":0,"comment_status":"closed","ping_status":"closed","template":"","meta":{"_et_pb_use_builder":"on","_et_pb_old_content":"<!-- wp:divi\/placeholder \/-->","_et_gb_content_width":"","footnotes":""},"class_list":["post-226251","page","type-page","status-publish","hentry"],"_links":{"self":[{"href":"https:\/\/tetameble.pl\/sklepowe\/wp-json\/wp\/v2\/pages\/226251","targetHints":{"allow":["GET"]}}],"collection":[{"href":"https:\/\/tetameble.pl\/sklepowe\/wp-json\/wp\/v2\/pages"}],"about":[{"href":"https:\/\/tetameble.pl\/sklepowe\/wp-json\/wp\/v2\/types\/page"}],"author":[{"embeddable":true,"href":"https:\/\/tetameble.pl\/sklepowe\/wp-json\/wp\/v2\/users\/1"}],"replies":[{"embeddable":true,"href":"https:\/\/tetameble.pl\/sklepowe\/wp-json\/wp\/v2\/comments?post=226251"}],"version-history":[{"count":8,"href":"https:\/\/tetameble.pl\/sklepowe\/wp-json\/wp\/v2\/pages\/226251\/revisions"}],"predecessor-version":[{"id":226774,"href":"https:\/\/tetameble.pl\/sklepowe\/wp-json\/wp\/v2\/pages\/226251\/revisions\/226774"}],"wp:attachment":[{"href":"https:\/\/tetameble.pl\/sklepowe\/wp-json\/wp\/v2\/media?parent=226251"}],"curies":[{"name":"wp","href":"https:\/\/api.w.org\/{rel}","templated":true}]}}